{"id":2494,"date":"2020-09-21T09:24:22","date_gmt":"2020-09-21T00:24:22","guid":{"rendered":"https:\/\/nika.jp\/cac-buoc-lam-viec\/"},"modified":"2023-09-20T20:55:02","modified_gmt":"2023-09-20T11:55:02","slug":"cac-buoc-lam-viec","status":"publish","type":"page","link":"https:\/\/nika.jp\/vi\/cac-buoc-lam-viec\/","title":{"rendered":"C\u00e1ch l\u00e0m vi\u1ec7c"},"content":{"rendered":"\t\t<div data-elementor-type=\"wp-page\" data-elementor-id=\"2494\" class=\"elementor elementor-2494 elementor-72\" data-elementor-post-type=\"page\">\n\t\t\t\t\t\t\t\t\t<section class=\"elementor-section elementor-top-section elementor-element elementor-element-1dc790b elementor-section-full_width elementor-section-height-default elementor-section-height-default\" data-id=\"1dc790b\" data-element_type=\"section\">\n\t\t\t\t\t\t<div class=\"elementor-container elementor-column-gap-no\">\n\t\t\t\t\t<div class=\"elementor-column elementor-col-100 elementor-top-column elementor-element elementor-element-838cb25\" data-id=\"838cb25\" data-element_type=\"column\">\n\t\t\t<div class=\"elementor-widget-wrap elementor-element-populated\">\n\t\t\t\t\t\t\t\t<div class=\"elementor-element elementor-element-3e6dfb4 elementor-align-left elementor-widget elementor-widget-bdevs-banner \" data-id=\"3e6dfb4\" data-element_type=\"widget\" data-widget_type=\"bdevs-banner .default\">\n\t\t\t\t<div class=\"elementor-widget-container\">\n\t\t\t \n\n<div class=\"page--area page--height pos-relative fix d-flex align-items-center\" data-background=\"https:\/\/nika.jp\/wp-content\/uploads\/2023\/09\/page-title-bg2.jpg\" data-overlay=\"pure-black\" data-opacity=\"8\">\n\n\t\t\n        <div class=\"slider--text page--stroke stroke\">\n\n            <span class=\"stroke--title paroller\" data-paroller-factor=\"0.15\" data-paroller-factor-lg=\"0.15\" data-paroller-factor-md=\"0.15\" data-paroller-factor-sm=\"0.15\" data-paroller-type=\"foreground\" data-paroller-direction=\"horizontal\">NIKA <br> Stuido<\/span>\n\n        <\/div>\n\n        \t\n\n        <div class=\"container\">\n\n            <div class=\"row align-items-center\">\n\n                <div class=\"col-sm-12 text-center\">\n\n                    <div class=\"page--title\">\n\n                        <h1 class=\"white-color fw-700 wow fadeInDown animated\" data-wow-duration=\"1s\" data-wow-delay=\".5s\">how it work<\/h1>\n\n                    <\/div>\n\n                    <div class=\"breadcrumb-list wow fadeInDown animated\" data-wow-duration=\"1.5s\" data-wow-delay=\".5s\">\n\n                        <ul>\n\n                            <li><a href=\"https:\/\/nika.jp\/vi\/\">NIKA<\/a><\/li>\n\n                            <li>how it work<\/li>\n\n                        <\/ul>\n\n                    <\/div>\n\n                <\/div>\n\n            <\/div>\n\n        <\/div>\n\n    <\/div>\n\t\t\t<\/div>\n\t\t\t\t<\/div>\n\t\t\t\t\t<\/div>\n\t\t<\/div>\n\t\t\t\t\t\t\t<\/div>\n\t\t<\/section>\n\t\t\t\t<section class=\"elementor-section elementor-top-section elementor-element elementor-element-05b5ac9 elementor-section-full_width elementor-section-height-default elementor-section-height-default\" data-id=\"05b5ac9\" data-element_type=\"section\">\n\t\t\t\t\t\t<div class=\"elementor-container elementor-column-gap-no\">\n\t\t\t\t\t<div class=\"elementor-column elementor-col-100 elementor-top-column elementor-element elementor-element-d1beb34\" data-id=\"d1beb34\" data-element_type=\"column\">\n\t\t\t<div class=\"elementor-widget-wrap elementor-element-populated\">\n\t\t\t\t\t\t\t\t<div class=\"elementor-element elementor-element-e331ac6 elementor-align-left elementor-widget elementor-widget-bdevs-history2\" data-id=\"e331ac6\" data-element_type=\"widget\" data-widget_type=\"bdevs-history2.default\">\n\t\t\t\t<div class=\"elementor-widget-container\">\n\t\t\t \n<section class=\"timeline pt-130 position-relative\">\n    <div class=\"container\">\n    \t    \t        <div class=\"row align-items-center timeline--shape timeline--shape--left\">\n            <div class=\"col-lg-5 mb-50 aos-init aos-animate\" data-aos=\"fade-right\" data-aos-easing=\"ease-in-sine\" data-aos-duration=\"9000\">\n                <div class=\"timeline--thumb\">\n                    <img decoding=\"async\" src=\"https:\/\/nika.jp\/wp-content\/uploads\/2023\/09\/step-1.png\" alt=\"\">\n                <\/div>\n            <\/div>\n            <div class=\"col-lg-5 mb-50 aos-init aos-animate\" data-aos=\"fade-left\" data-aos-easing=\"ease-in-sine\" data-aos-duration=\"9000\">\n                <div class=\"timeline--block timeline--block--right\">\n                                        <span><span class=\"mr-20\"><\/span>B\u01af\u1edaC 1<\/span>\n                                                            <h2 class=\"mb-15\"><a href=\"\">Ph\u00e1t tri\u1ec3n k\u1ecbch b\u1ea3n<\/a><\/h2>\n                                                            <p class=\"mb-25\">Trong giai \u0111o\u1ea1n \u0111\u1ea7u n\u00e0y, kh\u00e1i ni\u1ec7m v\u00e0 c\u00e2u chuy\u1ec7n c\u1ee7a video \u0111\u01b0\u1ee3c x\u00e1c \u0111\u1ecbnh. Ph\u00e1t tri\u1ec3n \u00fd t\u01b0\u1edfng s\u00e1ng t\u1ea1o ph\u00f9 h\u1ee3p v\u1edbi m\u1ee5c ti\u00eau c\u1ee7a d\u1ef1 \u00e1n. Vi\u1ebft k\u1ecbch b\u1ea3n, bao g\u1ed3m h\u1ed9i tho\u1ea1i, t\u01b0\u1eddng thu\u1eadt v\u00e0 m\u00f4 t\u1ea3 b\u1eb1ng h\u00ecnh \u1ea3nh. Xem x\u00e9t v\u00e0 s\u1eeda \u0111\u1ed5i k\u1ecbch b\u1ea3n n\u1ebfu c\u1ea7n, th\u01b0\u1eddng c\u00f3 \u00fd ki\u1ebfn \u0111\u00f3ng g\u00f3p c\u1ee7a kh\u00e1ch h\u00e0ng.<\/p>\n                                                        <\/div>\n            <\/div>\n        <\/div>\n        \n                    \t        <div class=\"row align-items-center flex-row-reverse pt-180 pb-180 timeline--shape timeline--shape--right\">\n            <div class=\"col-lg-5 mb-50 aos-init aos-animate\" data-aos=\"fade-right\" data-aos-easing=\"ease-in-sine\" data-aos-duration=\"9000\">\n                <div class=\"timeline--thumb\">\n                    <img decoding=\"async\" src=\"https:\/\/nika.jp\/wp-content\/uploads\/2023\/09\/step-2.png\" alt=\"\">\n                <\/div>\n            <\/div>\n            <div class=\"col-lg-5 mb-50 aos-init aos-animate\" data-aos=\"fade-left\" data-aos-easing=\"ease-in-sine\" data-aos-duration=\"9000\">\n                <div class=\"timeline--block timeline--block--left\">\n                \t                    <span><span class=\"mr-20\"><\/span>B\u01af\u1edaC 2<\/span>\n                                                            <h2 class=\"mb-15\"><a href=\"\">L\u00ean L\u1ecbch Quay<\/a><\/h2>\n                                                            <p class=\"mb-25\">Sau khi ho\u00e0n th\u00e0nh k\u1ecbch b\u1ea3n, l\u1ecbch quay s\u1ebd \u0111\u01b0\u1ee3c t\u1ea1o \u0111\u1ec3 l\u00ean k\u1ebf ho\u1ea1ch h\u1eadu c\u1ea7n cho qu\u00e1 tr\u00ecnh s\u1ea3n xu\u1ea5t video. Chia nh\u1ecf k\u1ecbch b\u1ea3n th\u00e0nh c\u00e1c c\u1ea3nh ho\u1eb7c c\u1ea3nh ri\u00eang l\u1ebb. \u0110i\u1ec1u ph\u1ed1i t\u00e0i n\u0103ng, \u0111o\u00e0n l\u00e0m phim v\u00e0 thi\u1ebft b\u1ecb cho t\u1eebng c\u1ea3nh quay. X\u00e1c \u0111\u1ecbnh th\u1eddi gian, \u0111\u1ecba \u0111i\u1ec3m v\u00e0 ngu\u1ed3n l\u1ef1c c\u1ea7n thi\u1ebft cho vi\u1ec7c quay phim.<\/p>\n                                                        <\/div>\n            <\/div>\n        <\/div>\n                    \t        <div class=\"row align-items-center timeline--shape timeline--shape--left\">\n            <div class=\"col-lg-5 mb-50 aos-init aos-animate\" data-aos=\"fade-right\" data-aos-easing=\"ease-in-sine\" data-aos-duration=\"9000\">\n                <div class=\"timeline--thumb\">\n                    <img decoding=\"async\" src=\"https:\/\/nika.jp\/wp-content\/uploads\/2023\/09\/step-3.png\" alt=\"\">\n                <\/div>\n            <\/div>\n            <div class=\"col-lg-5 mb-50 aos-init aos-animate\" data-aos=\"fade-left\" data-aos-easing=\"ease-in-sine\" data-aos-duration=\"9000\">\n                <div class=\"timeline--block timeline--block--right\">\n                                        <span><span class=\"mr-20\"><\/span>B\u01af\u1edaC 3<\/span>\n                                                            <h2 class=\"mb-15\"><a href=\"\">Quay Phim<\/a><\/h2>\n                                                            <p class=\"mb-25\">Giai \u0111o\u1ea1n quay phim bao g\u1ed3m vi\u1ec7c quay c\u00e1c c\u1ea3nh quay video theo l\u1ecbch tr\u00ecnh. B\u1ed1 tr\u00ed \u0111\u1ecba \u0111i\u1ec3m ch\u1ee5p v\u00e0 thi\u1ebft b\u1ecb. H\u01b0\u1edbng d\u1eabn di\u1ec5n vi\u00ean, di\u1ec5n vi\u00ean th\u1ef1c hi\u1ec7n c\u00e1c ti\u1ebft m\u1ee5c theo k\u1ecbch b\u1ea3n. Ghi l\u1ea1i c\u1ea3nh quay video v\u00e0 \u00e2m thanh ch\u1ea5t l\u01b0\u1ee3ng cao. Th\u1ef1c hi\u1ec7n nhi\u1ec1u l\u1ea7n quay \u0111\u1ec3 \u0111\u1ea3m b\u1ea3o c\u00f3 nh\u1eefng video \u0111\u1eb9p nh\u1ea5t. \u0110\u1ea3m b\u1ea3o an to\u00e0n tr\u00ean phim tr\u01b0\u1eddng v\u00e0 tu\u00e2n th\u1ee7 l\u1ecbch quay.<\/p>\n                                                        <\/div>\n            <\/div>\n        <\/div>\n        \n                    \t        <div class=\"row align-items-center flex-row-reverse pt-180 pb-180 timeline--shape timeline--shape--right\">\n            <div class=\"col-lg-5 mb-50 aos-init aos-animate\" data-aos=\"fade-right\" data-aos-easing=\"ease-in-sine\" data-aos-duration=\"9000\">\n                <div class=\"timeline--thumb\">\n                    <img decoding=\"async\" src=\"https:\/\/nika.jp\/wp-content\/uploads\/2023\/09\/step-4.png\" alt=\"\">\n                <\/div>\n            <\/div>\n            <div class=\"col-lg-5 mb-50 aos-init aos-animate\" data-aos=\"fade-left\" data-aos-easing=\"ease-in-sine\" data-aos-duration=\"9000\">\n                <div class=\"timeline--block timeline--block--left\">\n                \t                    <span><span class=\"mr-20\"><\/span>B\u01af\u1edaC 4<\/span>\n                                                            <h2 class=\"mb-15\"><a href=\"\">Bi\u00ean t\u1eadp Video<\/a><\/h2>\n                                                            <p class=\"mb-25\">Trong qu\u00e1 tr\u00ecnh h\u1eadu k\u1ef3, c\u1ea3nh quay g\u1ed1c \u0111\u01b0\u1ee3c bi\u1ebfn \u0111\u1ed5i th\u00e0nh video cu\u1ed1i c\u00f9ng. Vi\u1ec7c nh\u1eadp v\u00e0 s\u1eafp x\u1ebfp c\u00e1c t\u1ec7p video v\u00e0 \u00e2m thanh. T\u1ea1o m\u1ed9t phi\u00ean b\u1ea3n th\u00f4 b\u1eb1ng c\u00e1ch ch\u1ecdn nh\u1eefng c\u1ea3nh quay t\u1ed1t nh\u1ea5t v\u00e0 s\u1eafp x\u1ebfp ch\u00fang. Tinh ch\u1ec9nh video b\u1eb1ng c\u00e1ch c\u1eaft, th\u00eam hi\u1ec7u \u1ee9ng chuy\u1ec3n ti\u1ebfp, hi\u1ec7u \u1ee9ng v\u00e0 nh\u1ea1c. K\u1ebft h\u1ee3p ti\u00eau \u0111\u1ec1, \u0111\u1ed3 h\u1ecda v\u00e0 l\u1edbp ch\u1ed3ng v\u0103n b\u1ea3n. Xem x\u00e9t v\u00e0 ch\u1ec9nh s\u1eeda theo \u00fd mu\u1ed1n c\u1ee7a kh\u00e1ch h\u00e0ng. C\u00e2n b\u1eb1ng v\u00e0 t\u0103ng c\u01b0\u1eddng ch\u1ea5t l\u01b0\u1ee3ng \u00e2m thanh. \u0110i\u1ec1u ch\u1ec9nh m\u00e0u s\u1eafc v\u00e0 t\u00f4ng m\u00e0u th\u00f4ng qua vi\u1ec7c l\u00e0m m\u00e0u. Ho\u00e0n thi\u1ec7n video \u0111\u1ec3 xu\u1ea5t v\u00e0 render cu\u1ed1i c\u00f9ng.<\/p>\n                                                        <\/div>\n            <\/div>\n        <\/div>\n                    \t        <div class=\"row align-items-center timeline--shape timeline--shape--left\">\n            <div class=\"col-lg-5 mb-50 aos-init aos-animate\" data-aos=\"fade-right\" data-aos-easing=\"ease-in-sine\" data-aos-duration=\"9000\">\n                <div class=\"timeline--thumb\">\n                    <img decoding=\"async\" src=\"https:\/\/nika.jp\/wp-content\/uploads\/2023\/09\/step-5.png\" alt=\"\">\n                <\/div>\n            <\/div>\n            <div class=\"col-lg-5 mb-50 aos-init aos-animate\" data-aos=\"fade-left\" data-aos-easing=\"ease-in-sine\" data-aos-duration=\"9000\">\n                <div class=\"timeline--block timeline--block--right\">\n                                        <span><span class=\"mr-20\"><\/span>B\u01af\u1edaC 5<\/span>\n                                                            <h2 class=\"mb-15\"><a href=\"\">Ph\u00e2n ph\u1ed1i Video<\/a><\/h2>\n                                                            <p class=\"mb-25\">Video cu\u1ed1i c\u00f9ng \u0111\u01b0\u1ee3c chu\u1ea9n b\u1ecb \u0111\u1ec3 ph\u00e2n ph\u1ed1i v\u00e0 chia s\u1ebb. Xu\u1ea5t video trong \u0111\u1ecbnh d\u1ea1ng v\u00e0 \u0111\u1ed9 ph\u00e2n gi\u1ea3i mong mu\u1ed1n. \u0110\u1ea3m b\u1ea3o r\u1eb1ng video \u0111\u00e1p \u1ee9ng c\u00e1c th\u00f4ng s\u1ed1 k\u1ef9 thu\u1eadt cho n\u1ec1n t\u1ea3ng d\u1ef1 \u0111\u1ecbnh c\u1ee7a n\u00f3 (v\u00ed d\u1ee5: web, truy\u1ec1n h\u00ecnh). G\u1eedi video \u0111\u1ebfn kh\u00e1ch h\u00e0ng ho\u1eb7c kh\u00e1n gi\u1ea3 th\u00f4ng qua ph\u01b0\u01a1ng ph\u00e1p ph\u00e2n ph\u1ed1i \u0111\u00e3 ch\u1ecdn.<\/p>\n                                                        <\/div>\n            <\/div>\n        <\/div>\n        \n                \n\n\n    <\/div>\n<\/section>\n\t\t\t<\/div>\n\t\t\t\t<\/div>\n\t\t\t\t\t<\/div>\n\t\t<\/div>\n\t\t\t\t\t\t\t<\/div>\n\t\t<\/section>\n\t\t\t\t<section class=\"elementor-section elementor-top-section elementor-element elementor-element-6950782 elementor-section-full_width elementor-section-height-default elementor-section-height-default\" data-id=\"6950782\" data-element_type=\"section\">\n\t\t\t\t\t\t<div class=\"elementor-container elementor-column-gap-no\">\n\t\t\t\t\t<div class=\"elementor-column elementor-col-100 elementor-top-column elementor-element elementor-element-e8fcf08\" data-id=\"e8fcf08\" data-element_type=\"column\">\n\t\t\t<div class=\"elementor-widget-wrap elementor-element-populated\">\n\t\t\t\t\t\t\t\t<div class=\"elementor-element elementor-element-b6e5155 elementor-align-center elementor-widget elementor-widget-bdevs-brand\" data-id=\"b6e5155\" data-element_type=\"widget\" data-widget_type=\"bdevs-brand.default\">\n\t\t\t\t<div class=\"elementor-widget-container\">\n\t\t\t\t<div class=\"sponsor\">\n        <div class=\"sponsor--wrapper sponsor--bg pt-70 pb-70\">\n            <div class=\"container\">\n                <div class=\"row sponsor-active justify-content-between align-items-center\">\n\n                \t \n                    <div class=\"col-lg-2\">\n                        <div class=\"sponsor--single\">\n                            <a href=\"#\"><img decoding=\"async\" src=\"https:\/\/shtheme.org\/demosd\/miker\/wp-content\/uploads\/2020\/11\/sponsor1.png\" alt=\"\"><\/a>\n                        <\/div>\n                    <\/div>\n                     \n                    <div class=\"col-lg-2\">\n                        <div class=\"sponsor--single\">\n                            <a href=\"#\"><img decoding=\"async\" src=\"https:\/\/shtheme.org\/demosd\/miker\/wp-content\/uploads\/2020\/11\/sponsor2.png\" alt=\"\"><\/a>\n                        <\/div>\n                    <\/div>\n                     \n                    <div class=\"col-lg-2\">\n                        <div class=\"sponsor--single\">\n                            <a href=\"#\"><img decoding=\"async\" src=\"https:\/\/shtheme.org\/demosd\/miker\/wp-content\/uploads\/2020\/11\/sponsor3.png\" alt=\"\"><\/a>\n                        <\/div>\n                    <\/div>\n                     \n                    <div class=\"col-lg-2\">\n                        <div class=\"sponsor--single\">\n                            <a href=\"#\"><img decoding=\"async\" src=\"https:\/\/shtheme.org\/demosd\/miker\/wp-content\/uploads\/2020\/11\/sponsor4.png\" alt=\"\"><\/a>\n                        <\/div>\n                    <\/div>\n                     \n                    <div class=\"col-lg-2\">\n                        <div class=\"sponsor--single\">\n                            <a href=\"#\"><img decoding=\"async\" src=\"https:\/\/shtheme.org\/demosd\/miker\/wp-content\/uploads\/2020\/11\/sponsor5.png\" alt=\"\"><\/a>\n                        <\/div>\n                    <\/div>\n                     \n                    <div class=\"col-lg-2\">\n                        <div class=\"sponsor--single\">\n                            <a href=\"#\"><img decoding=\"async\" src=\"https:\/\/shtheme.org\/demosd\/miker\/wp-content\/uploads\/2020\/11\/sponsor1.png\" alt=\"\"><\/a>\n                        <\/div>\n                    <\/div>\n                    \n\n                <\/div>\n            <\/div>\n        <\/div>\n    <\/div>\n \n\t\t\t<\/div>\n\t\t\t\t<\/div>\n\t\t\t\t\t<\/div>\n\t\t<\/div>\n\t\t\t\t\t\t\t<\/div>\n\t\t<\/section>\n\t\t\t\t\t\t\t<\/div>\n\t\t","protected":false},"excerpt":{"rendered":"<p>NIKA Stuido how it work NIKA how it work B\u01af\u1edaC 1 Ph\u00e1t tri\u1ec3n k\u1ecbch b\u1ea3n Trong giai \u0111o\u1ea1n \u0111\u1ea7u n\u00e0y, kh\u00e1i ni\u1ec7m v\u00e0 c\u00e2u chuy\u1ec7n c\u1ee7a video \u0111\u01b0\u1ee3c x\u00e1c \u0111\u1ecbnh. Ph\u00e1t tri\u1ec3n \u00fd t\u01b0\u1edfng s\u00e1ng t\u1ea1o ph\u00f9 h\u1ee3p v\u1edbi m\u1ee5c ti\u00eau c\u1ee7a d\u1ef1 \u00e1n. Vi\u1ebft k\u1ecbch b\u1ea3n, bao g\u1ed3m h\u1ed9i tho\u1ea1i, t\u01b0\u1eddng thu\u1eadt v\u00e0 m\u00f4 [&hellip;]<\/p>\n","protected":false},"author":1,"featured_media":0,"parent":0,"menu_order":0,"comment_status":"closed","ping_status":"closed","template":"page-templates\/timeline.php","meta":{"inline_featured_image":false,"_monsterinsights_skip_tracking":false,"_monsterinsights_sitenote_active":false,"_monsterinsights_sitenote_note":"","_monsterinsights_sitenote_category":0,"footnotes":""},"class_list":["post-2494","page","type-page","status-publish","hentry"],"aioseo_notices":[],"_links":{"self":[{"href":"https:\/\/nika.jp\/vi\/wp-json\/wp\/v2\/pages\/2494","targetHints":{"allow":["GET"]}}],"collection":[{"href":"https:\/\/nika.jp\/vi\/wp-json\/wp\/v2\/pages"}],"about":[{"href":"https:\/\/nika.jp\/vi\/wp-json\/wp\/v2\/types\/page"}],"author":[{"embeddable":true,"href":"https:\/\/nika.jp\/vi\/wp-json\/wp\/v2\/users\/1"}],"replies":[{"embeddable":true,"href":"https:\/\/nika.jp\/vi\/wp-json\/wp\/v2\/comments?post=2494"}],"version-history":[{"count":17,"href":"https:\/\/nika.jp\/vi\/wp-json\/wp\/v2\/pages\/2494\/revisions"}],"predecessor-version":[{"id":2959,"href":"https:\/\/nika.jp\/vi\/wp-json\/wp\/v2\/pages\/2494\/revisions\/2959"}],"wp:attachment":[{"href":"https:\/\/nika.jp\/vi\/wp-json\/wp\/v2\/media?parent=2494"}],"curies":[{"name":"wp","href":"https:\/\/api.w.org\/{rel}","templated":true}]}}