{"id":2498,"date":"2020-09-21T09:29:12","date_gmt":"2020-09-21T00:29:12","guid":{"rendered":"https:\/\/nika.jp\/lien-he\/"},"modified":"2024-06-12T11:08:04","modified_gmt":"2024-06-12T02:08:04","slug":"lien-he","status":"publish","type":"page","link":"https:\/\/nika.jp\/vi\/lien-he\/","title":{"rendered":"Li\u00ean H\u1ec7"},"content":{"rendered":"\t\t<div data-elementor-type=\"wp-page\" data-elementor-id=\"2498\" class=\"elementor elementor-2498 elementor-74\" data-elementor-post-type=\"page\">\n\t\t\t\t\t\t\t\t\t<section class=\"elementor-section elementor-top-section elementor-element elementor-element-a330182 elementor-section-full_width elementor-section-height-default elementor-section-height-default\" data-id=\"a330182\" data-element_type=\"section\">\n\t\t\t\t\t\t<div class=\"elementor-container elementor-column-gap-no\">\n\t\t\t\t\t<div class=\"elementor-column elementor-col-100 elementor-top-column elementor-element elementor-element-384e276\" data-id=\"384e276\" data-element_type=\"column\">\n\t\t\t<div class=\"elementor-widget-wrap elementor-element-populated\">\n\t\t\t\t\t\t\t\t<div class=\"elementor-element elementor-element-da6fa83 elementor-align-left elementor-widget elementor-widget-bdevs-banner \" data-id=\"da6fa83\" data-element_type=\"widget\" data-widget_type=\"bdevs-banner .default\">\n\t\t\t\t<div class=\"elementor-widget-container\">\n\t\t\t \n\n<div class=\"page--area page--height pos-relative fix d-flex align-items-center\" data-background=\"https:\/\/nika.jp\/wp-content\/uploads\/2023\/09\/page-title-bg2.jpg\" data-overlay=\"pure-black\" data-opacity=\"8\">\n\n\t\t\n        <div class=\"slider--text page--stroke stroke\">\n\n            <span class=\"stroke--title paroller\" data-paroller-factor=\"0.15\" data-paroller-factor-lg=\"0.15\" data-paroller-factor-md=\"0.15\" data-paroller-factor-sm=\"0.15\" data-paroller-type=\"foreground\" data-paroller-direction=\"horizontal\">NIKA <br> Stuido<\/span>\n\n        <\/div>\n\n        \t\n\n        <div class=\"container\">\n\n            <div class=\"row align-items-center\">\n\n                <div class=\"col-sm-12 text-center\">\n\n                    <div class=\"page--title\">\n\n                        <h1 class=\"white-color fw-700 wow fadeInDown animated\" data-wow-duration=\"1s\" data-wow-delay=\".5s\">Li\u00ean H\u1ec7<\/h1>\n\n                    <\/div>\n\n                    <div class=\"breadcrumb-list wow fadeInDown animated\" data-wow-duration=\"1.5s\" data-wow-delay=\".5s\">\n\n                        <ul>\n\n                            <li><a href=\"https:\/\/nika.jp\/vi\/\">NIKA<\/a><\/li>\n\n                            <li>Li\u00ean H\u1ec7<\/li>\n\n                        <\/ul>\n\n                    <\/div>\n\n                <\/div>\n\n            <\/div>\n\n        <\/div>\n\n    <\/div>\n\t\t\t<\/div>\n\t\t\t\t<\/div>\n\t\t\t\t\t<\/div>\n\t\t<\/div>\n\t\t\t\t\t\t\t<\/div>\n\t\t<\/section>\n\t\t\t\t<section class=\"elementor-section elementor-top-section elementor-element elementor-element-311aa87 elementor-section-full_width elementor-section-height-default elementor-section-height-default\" data-id=\"311aa87\" data-element_type=\"section\">\n\t\t\t\t\t\t<div class=\"elementor-container elementor-column-gap-no\">\n\t\t\t\t\t<div class=\"elementor-column elementor-col-100 elementor-top-column elementor-element elementor-element-470e489\" data-id=\"470e489\" data-element_type=\"column\">\n\t\t\t<div class=\"elementor-widget-wrap elementor-element-populated\">\n\t\t\t\t\t\t\t\t<div class=\"elementor-element elementor-element-88b75ff elementor-align-left elementor-widget elementor-widget-bdevs-Contact3\" data-id=\"88b75ff\" data-element_type=\"widget\" data-widget_type=\"bdevs-Contact3.default\">\n\t\t\t\t<div class=\"elementor-widget-container\">\n\t\t\t \n\n\t<section class=\"contacts pt-125 pb-100\">\n\n        <div class=\"container\">\n\n            <div class=\"row\">\n\n                <div class=\"col-lg-5 mb-30\">\n\n                    <div class=\"theme\">\n\n                    \t\n                        <span class=\"theme__small--title theme__small--title-left fw-700 text-uppercase\"><span><\/span>Li\u00ean H\u1ec7 V\u1edbi Ch\u00fang T\u00f4i<\/span>\n\n                        \t\n\n                        \n                        <h2 class=\"theme__big--title fw-700 mb-25\">Ch\u00fang t\u00f4i c\u00f3 \u0111\u1ed9i ng\u0169 chuy\u00ean nghi\u1ec7p \u0111ang \u0111\u1ee3i b\u1ea1n.<\/h2>\n\n                        \t\n\n                    <\/div>\n\n                    <div class=\"contacts__social\">\n\n                        <ul>\n\n                        \t\n                            <li><a href=\"#\"><i class=\"fab fa-facebook-f\"><\/i><\/a><\/li>\n\n                            \t\n\n                            \n                            <li><a href=\"#\"><i class=\"fab fa-twitter\"><\/i><\/a><\/li>\n\n                            \t\n\n                            \n                            <li><a href=\"#\"><i class=\"fab fa-instagram\"><\/i><\/a><\/li>\n\n                            \n                            \n                            <li><a href=\"#\"><i class=\"fab fa-google\"><\/i><\/a><\/li>\n\n                            \n                        <\/ul>\n\n                    <\/div>\n\n                <\/div>\n\n                <div class=\"col-lg-6 offset-lg-1 mb-30\">\n\n                    <div class=\"row\">\n\n                    \t\n                        <div class=\"col-lg-6 col-md-6 mb-40\">\n\n                            <div class=\"contacts__address\">\n\n                            \t\n                                <i class=\"fal fa-envelope-open\"><\/i>\n\n                                \t\n\n                                \n                                <h5 class=\"primary-color\">\u0110\u1ecba Ch\u1ec9 Email<\/h5>\n\n                                \t\n\n                                \n                                <h4>nika85mm@gmail.com<\/h4>\n\n                                \n                            <\/div>\n\n                        <\/div>\n\n                        \n                        <div class=\"col-lg-6 col-md-6 mb-40\">\n\n                            <div class=\"contacts__address\">\n\n                            \t\n                                <i class=\"fal fa-phone\"><\/i>\n\n                                \t\n\n                                \n                                <h5 class=\"primary-color\">S\u1ed1 \u0111i\u1ec7n tho\u1ea1i<\/h5>\n\n                                \t\n\n                                \n                                <h4>070 2636 6789<\/h4>\n\n                                \n                            <\/div>\n\n                        <\/div>\n\n                        \n                        <div class=\"col-lg-6 col-md-6 mb-40\">\n\n                            <div class=\"contacts__address\">\n\n                            \t\n                                <i class=\"fal fa-map-marked-alt\"><\/i>\n\n                                \t\n\n                                \n                                <h5 class=\"primary-color\">V\u0103n Ph\u00f2ng<\/h5>\n\n                                \t\n\n                                \n                                <h4>Ph\u00f2ng 402 T\u1ea7ng 4 2-11-2 Nishiasakusa, Taito-ku, Tokyo 111-0035<\/h4>\n\n                                \n                            <\/div>\n\n                        <\/div>\n\n                        \n                        <div class=\"col-lg-6 col-md-6 mb-40\">\n\n                            <div class=\"contacts__address\">\n\n                            \t\n                                <i class=\"fal fa-home\"><\/i>\n\n                                \t\n\n                                \n                                <h5 class=\"primary-color\">Tr\u1ee5 S\u1edf Ch\u00ednh<\/h5>\n\n                                \t\n\n                                \n                                <h4>Ph\u00f2ng 402 T\u1ea7ng 4 2-11-2 Nishiasakusa, Taito-ku, Tokyo 111-0035<\/h4>\n\n                                \n                            <\/div>\n\n                        <\/div>\n\n                        \n                    <\/div>\n\n                <\/div>\n\n            <\/div>\n\n        <\/div>\n\n    <\/section>\n\n\t\t\n\n\t\t\t<\/div>\n\t\t\t\t<\/div>\n\t\t\t\t\t<\/div>\n\t\t<\/div>\n\t\t\t\t\t\t\t<\/div>\n\t\t<\/section>\n\t\t\t\t<section class=\"elementor-section elementor-top-section elementor-element elementor-element-0fe367c elementor-section-full_width elementor-section-height-default elementor-section-height-default\" data-id=\"0fe367c\" data-element_type=\"section\">\n\t\t\t\t\t\t<div class=\"elementor-container elementor-column-gap-no\">\n\t\t\t\t\t<div class=\"elementor-column elementor-col-100 elementor-top-column elementor-element elementor-element-4d2e711\" data-id=\"4d2e711\" data-element_type=\"column\">\n\t\t\t<div class=\"elementor-widget-wrap elementor-element-populated\">\n\t\t\t\t\t\t\t\t<div class=\"elementor-element elementor-element-ac996bd elementor-align-left elementor-widget elementor-widget-bdevs-Contact4\" data-id=\"ac996bd\" data-element_type=\"widget\" data-widget_type=\"bdevs-Contact4.default\">\n\t\t\t\t<div class=\"elementor-widget-container\">\n\t\t\t \n\n\t<section class=\"contact-form-area\">\n\n        <div class=\"container\">\n\n            <div class=\"form-wrapper grey-bg\">\n\n                <div class=\"row align-items-center\">\n\n                    <div class=\"col-sm-12 text-center mb-40\">\n\n                        <div class=\"theme\">\n\n                        \t\n                            <h2 class=\"black-color mb-15\">G\u1eedi tin nh\u1eafn cho ch\u00fang t\u00f4i<\/h2>\n\n                            \t\n\n                            \n                            <h5 class=\"fw-500 primary-color\">Ch\u00fang t\u00f4i s\u1ebd r\u1ea5t vui \u0111\u01b0\u1ee3c h\u1ed7 tr\u1ee3 b\u1ea1n trong vi\u1ec7c th\u1ef1c hi\u1ec7n d\u1ef1 \u00e1n quay phim c\u1ee7a b\u1ea1n.<\/h5>\n\n                            \t\n\n                        <\/div>\n\n                    <\/div>\n\n                <\/div>\n\n                <div class=\"contact-form\">\n\n                    \n<div class=\"wpcf7 no-js\" id=\"wpcf7-f2568-o1\" lang=\"en-US\" dir=\"ltr\">\n<div class=\"screen-reader-response\"><p role=\"status\" aria-live=\"polite\" aria-atomic=\"true\"><\/p> <ul><\/ul><\/div>\n<form action=\"\/vi\/wp-json\/wp\/v2\/pages\/2498#wpcf7-f2568-o1\" method=\"post\" class=\"wpcf7-form init\" aria-label=\"Contact form\" novalidate=\"novalidate\" data-status=\"init\">\n<div style=\"display: none;\">\n<input type=\"hidden\" name=\"_wpcf7\" value=\"2568\" \/>\n<input type=\"hidden\" name=\"_wpcf7_version\" value=\"5.8\" \/>\n<input type=\"hidden\" name=\"_wpcf7_locale\" value=\"en_US\" \/>\n<input type=\"hidden\" name=\"_wpcf7_unit_tag\" value=\"wpcf7-f2568-o1\" \/>\n<input type=\"hidden\" name=\"_wpcf7_container_post\" value=\"0\" \/>\n<input type=\"hidden\" name=\"_wpcf7_posted_data_hash\" value=\"\" \/>\n<input type=\"hidden\" name=\"_wpcf7_recaptcha_response\" value=\"\" \/>\n<\/div>\n<div id=\"contact-form\">\n\t<div class=\"row\">\n\t\t<div class=\"col-lg-6\">\n\t\t\t<div class=\"form-box user-icon mb-30\">\n\t\t\t\t<p><span class=\"wpcf7-form-control-wrap\" data-name=\"your-name\"><input size=\"40\" class=\"wpcf7-form-control wpcf7-text wpcf7-validates-as-required\" aria-required=\"true\" aria-invalid=\"false\" placeholder=\"Your Name\" value=\"\" type=\"text\" name=\"your-name\" \/><\/span>\n\t\t\t\t<\/p>\n\t\t\t<\/div>\n\t\t<\/div>\n\t\t<div class=\"col-lg-6\">\n\t\t\t<div class=\"form-box email-icon mb-30\">\n\t\t\t\t<p><span class=\"wpcf7-form-control-wrap\" data-name=\"your-email\"><input size=\"40\" class=\"wpcf7-form-control wpcf7-email wpcf7-validates-as-required wpcf7-text wpcf7-validates-as-email\" aria-required=\"true\" aria-invalid=\"false\" placeholder=\"Your Email\" value=\"\" type=\"email\" name=\"your-email\" \/><\/span>\n\t\t\t\t<\/p>\n\t\t\t<\/div>\n\t\t<\/div>\n\t\t<div class=\"col-lg-6\">\n\t\t\t<div class=\"form-box phone-icon mb-30\">\n\t\t\t\t<p><span class=\"wpcf7-form-control-wrap\" data-name=\"your-phone\"><input size=\"40\" class=\"wpcf7-form-control wpcf7-text\" aria-invalid=\"false\" placeholder=\"Your Phone\" value=\"\" type=\"text\" name=\"your-phone\" \/><\/span>\n\t\t\t\t<\/p>\n\t\t\t<\/div>\n\t\t<\/div>\n\t\t<div class=\"col-lg-6\">\n\t\t\t<div class=\"form-box subject-icon mb-30\">\n\t\t\t\t<p><span class=\"wpcf7-form-control-wrap\" data-name=\"your-subject\"><input size=\"40\" class=\"wpcf7-form-control wpcf7-text\" aria-invalid=\"false\" placeholder=\"Your Subject\" value=\"\" type=\"text\" name=\"your-subject\" \/><\/span>\n\t\t\t\t<\/p>\n\t\t\t<\/div>\n\t\t<\/div>\n\t\t<div class=\"col-lg-12\">\n\t\t\t<div class=\"form-box message-icon mb-30\">\n\t\t\t\t<p><span class=\"wpcf7-form-control-wrap\" data-name=\"your-message\"><textarea cols=\"30\" rows=\"10\" class=\"wpcf7-form-control wpcf7-textarea wpcf7-validates-as-required\" id=\"message\" aria-required=\"true\" aria-invalid=\"false\" placeholder=\"Your Message\" name=\"your-message\"><\/textarea><\/span>\n\t\t\t\t<\/p>\n\t\t\t<\/div>\n\t\t\t<div class=\"contact-btn text-center\">\n\t\t\t\t<p><input class=\"wpcf7-form-control wpcf7-submit has-spinner btn btn--theme\" type=\"submit\" value=\"SEND NOW\" \/>\n\t\t\t\t<\/p>\n\t\t\t<\/div>\n\t\t<\/div>\n\t<\/div>\n<\/div><div class=\"wpcf7-response-output\" aria-hidden=\"true\"><\/div>\n<\/form>\n<\/div>\n\n                    <p class=\"ajax-response text-center\"><\/p>\n\n                <\/div>\n\n            <\/div>\n\n        <\/div>\n\n    <\/section>\n\n\t\t\t<\/div>\n\t\t\t\t<\/div>\n\t\t\t\t\t<\/div>\n\t\t<\/div>\n\t\t\t\t\t\t\t<\/div>\n\t\t<\/section>\n\t\t\t\t<section class=\"elementor-section elementor-top-section elementor-element elementor-element-9b3344c elementor-section-full_width elementor-section-height-default elementor-section-height-default\" data-id=\"9b3344c\" data-element_type=\"section\">\n\t\t\t\t\t\t<div class=\"elementor-container elementor-column-gap-no\">\n\t\t\t\t\t<div class=\"elementor-column elementor-col-100 elementor-top-column elementor-element elementor-element-7c43622\" data-id=\"7c43622\" data-element_type=\"column\">\n\t\t\t<div class=\"elementor-widget-wrap elementor-element-populated\">\n\t\t\t\t\t\t\t\t<div class=\"elementor-element elementor-element-8353e0c elementor-align-left elementor-widget elementor-widget-bdevs-Map\" data-id=\"8353e0c\" data-element_type=\"widget\" data-widget_type=\"bdevs-Map.default\">\n\t\t\t\t<div class=\"elementor-widget-container\">\n\t\t\t \n\n\t<div class=\"map\">\n\n        <div class=\"container-fluid p-0 fix\">\n\n            <div class=\"row\">\n\n                <div class=\"col-sm-12\">\n\n                    <div class=\"contact-map\">\n\n                    \t<iframe src=\"https:\/\/www.google.com\/maps\/embed?pb=!1m18!1m12!1m3!1d202.47261400829393!2d139.79070777105727!3d35.71239894695182!2m3!1f0!2f0!3f0!3m2!1i1024!2i768!4f13.1!3m3!1m2!1s0x60188ebface9204f%3A0x1607d831662fbef!2sNARUMI!5e0!3m2!1svi!2sjp!4v1718156275576!5m2!1svi!2sjp\" width=\"600\" height=\"450\" style=\"border:0;\" allowfullscreen=\"\" loading=\"lazy\" referrerpolicy=\"no-referrer-when-downgrade\"&gt;\"\n\n                            style=\"border:0;\" allowfullscreen=\"\" aria-hidden=\"false\" tabindex=\"0\"><\/iframe>\n\n                    \t\n\n                    <\/div>\n\n                <\/div>\n\n            <\/div>\n\n        <\/div>\n\n    <\/div>\n\n\t\t\n\n\t\t\t<\/div>\n\t\t\t\t<\/div>\n\t\t\t\t\t<\/div>\n\t\t<\/div>\n\t\t\t\t\t\t\t<\/div>\n\t\t<\/section>\n\t\t\t\t<section class=\"elementor-section elementor-top-section elementor-element elementor-element-06e7a35 elementor-section-full_width elementor-section-height-default elementor-section-height-default\" data-id=\"06e7a35\" data-element_type=\"section\">\n\t\t\t\t\t\t<div class=\"elementor-container elementor-column-gap-no\">\n\t\t\t\t\t<div class=\"elementor-column elementor-col-100 elementor-top-column elementor-element elementor-element-2b77fbd\" data-id=\"2b77fbd\" data-element_type=\"column\">\n\t\t\t<div class=\"elementor-widget-wrap elementor-element-populated\">\n\t\t\t\t\t\t\t\t<div class=\"elementor-element elementor-element-a8e1ef6 elementor-align-center elementor-widget elementor-widget-bdevs-brand\" data-id=\"a8e1ef6\" data-element_type=\"widget\" data-widget_type=\"bdevs-brand.default\">\n\t\t\t\t<div class=\"elementor-widget-container\">\n\t\t\t\t<div class=\"sponsor\">\n        <div class=\"sponsor--wrapper sponsor--bg pt-70 pb-70\">\n            <div class=\"container\">\n                <div class=\"row sponsor-active justify-content-between align-items-center\">\n\n                \t \n                    <div class=\"col-lg-2\">\n                        <div class=\"sponsor--single\">\n                            <a href=\"#\"><img decoding=\"async\" src=\"https:\/\/shtheme.org\/demosd\/miker\/wp-content\/uploads\/2020\/11\/sponsor1.png\" alt=\"\"><\/a>\n                        <\/div>\n                    <\/div>\n                     \n                    <div class=\"col-lg-2\">\n                        <div class=\"sponsor--single\">\n                            <a href=\"#\"><img decoding=\"async\" src=\"https:\/\/shtheme.org\/demosd\/miker\/wp-content\/uploads\/2020\/11\/sponsor2.png\" alt=\"\"><\/a>\n                        <\/div>\n                    <\/div>\n                     \n                    <div class=\"col-lg-2\">\n                        <div class=\"sponsor--single\">\n                            <a href=\"#\"><img decoding=\"async\" src=\"https:\/\/shtheme.org\/demosd\/miker\/wp-content\/uploads\/2020\/11\/sponsor3.png\" alt=\"\"><\/a>\n                        <\/div>\n                    <\/div>\n                     \n                    <div class=\"col-lg-2\">\n                        <div class=\"sponsor--single\">\n                            <a href=\"#\"><img decoding=\"async\" src=\"https:\/\/shtheme.org\/demosd\/miker\/wp-content\/uploads\/2020\/11\/sponsor4.png\" alt=\"\"><\/a>\n                        <\/div>\n                    <\/div>\n                     \n                    <div class=\"col-lg-2\">\n                        <div class=\"sponsor--single\">\n                            <a href=\"#\"><img decoding=\"async\" src=\"https:\/\/shtheme.org\/demosd\/miker\/wp-content\/uploads\/2020\/11\/sponsor5.png\" alt=\"\"><\/a>\n                        <\/div>\n                    <\/div>\n                     \n                    <div class=\"col-lg-2\">\n                        <div class=\"sponsor--single\">\n                            <a href=\"#\"><img decoding=\"async\" src=\"https:\/\/shtheme.org\/demosd\/miker\/wp-content\/uploads\/2020\/11\/sponsor1.png\" alt=\"\"><\/a>\n                        <\/div>\n                    <\/div>\n                    \n\n                <\/div>\n            <\/div>\n        <\/div>\n    <\/div>\n \n\t\t\t<\/div>\n\t\t\t\t<\/div>\n\t\t\t\t\t<\/div>\n\t\t<\/div>\n\t\t\t\t\t\t\t<\/div>\n\t\t<\/section>\n\t\t\t\t<section class=\"elementor-section elementor-top-section elementor-element elementor-element-29ad9b1 elementor-section-full_width elementor-section-height-default elementor-section-height-default\" data-id=\"29ad9b1\" data-element_type=\"section\">\n\t\t\t\t\t\t<div class=\"elementor-container elementor-column-gap-no\">\n\t\t\t\t\t<div class=\"elementor-column elementor-col-100 elementor-top-column elementor-element elementor-element-38b5f3c\" data-id=\"38b5f3c\" data-element_type=\"column\">\n\t\t\t<div class=\"elementor-widget-wrap elementor-element-populated\">\n\t\t\t\t\t\t\t\t<div class=\"elementor-element elementor-element-e980aaf elementor-align-left elementor-widget elementor-widget-bdevs-Contact\" data-id=\"e980aaf\" data-element_type=\"widget\" data-widget_type=\"bdevs-Contact.default\">\n\t\t\t\t<div class=\"elementor-widget-container\">\n\t\t\t \n\n\t<section class=\"contacts contacts--bg footer--border pt-80 pb-50\">\n\n        <div class=\"container\">\n\n            <div class=\"row align-items-center\">\n\n                <div class=\"col-lg-4\">\n\n                    <div class=\"contacts--logo mb-30\">\n\n                        <img decoding=\"async\" src=\"https:\/\/nika.jp\/wp-content\/uploads\/2023\/09\/NIKA-LOGO.png\" alt=\"\">\n\n                    <\/div>\n\n                <\/div>\n\n                <div class=\"col-lg-8\">\n\n                    <div class=\"contacts--address\">\n\n                        <ul>\n\n                            <li><i class=\"fal fa-phone\"><\/i>070 2636 7899<\/li>\n\n                            <li><i class=\"fal fa-envelope-open\"><\/i>nika85mm@gmail.com<\/li>\n\n                        <\/ul>\n\n                    <\/div>\n\n                <\/div>\n\n            <\/div>\n\n        <\/div>\n\n    <\/section>\n\n\t\t\n\n\t\t\t<\/div>\n\t\t\t\t<\/div>\n\t\t\t\t\t<\/div>\n\t\t<\/div>\n\t\t\t\t\t\t\t<\/div>\n\t\t<\/section>\n\t\t\t\t\t\t\t<\/div>\n\t\t","protected":false},"excerpt":{"rendered":"<p>NIKA Stuido Li\u00ean H\u1ec7 NIKA Li\u00ean H\u1ec7 Li\u00ean H\u1ec7 V\u1edbi Ch\u00fang T\u00f4i Ch\u00fang t\u00f4i c\u00f3 \u0111\u1ed9i ng\u0169 chuy\u00ean nghi\u1ec7p \u0111ang \u0111\u1ee3i b\u1ea1n. \u0110\u1ecba Ch\u1ec9 Email nika85mm@gmail.com S\u1ed1 \u0111i\u1ec7n tho\u1ea1i 070 2636 6789 V\u0103n Ph\u00f2ng Ph\u00f2ng 402 T\u1ea7ng 4 2-11-2 Nishiasakusa, Taito-ku, Tokyo 111-0035 Tr\u1ee5 S\u1edf Ch\u00ednh Ph\u00f2ng 402 T\u1ea7ng 4 2-11-2 Nishiasakusa, Taito-ku, Tokyo 111-0035 [&hellip;]<\/p>\n","protected":false},"author":1,"featured_media":0,"parent":0,"menu_order":0,"comment_status":"closed","ping_status":"closed","template":"page-templates\/contact.php","meta":{"inline_featured_image":false,"_monsterinsights_skip_tracking":false,"_monsterinsights_sitenote_active":false,"_monsterinsights_sitenote_note":"","_monsterinsights_sitenote_category":0,"footnotes":""},"class_list":["post-2498","page","type-page","status-publish","hentry"],"aioseo_notices":[],"_links":{"self":[{"href":"https:\/\/nika.jp\/vi\/wp-json\/wp\/v2\/pages\/2498","targetHints":{"allow":["GET"]}}],"collection":[{"href":"https:\/\/nika.jp\/vi\/wp-json\/wp\/v2\/pages"}],"about":[{"href":"https:\/\/nika.jp\/vi\/wp-json\/wp\/v2\/types\/page"}],"author":[{"embeddable":true,"href":"https:\/\/nika.jp\/vi\/wp-json\/wp\/v2\/users\/1"}],"replies":[{"embeddable":true,"href":"https:\/\/nika.jp\/vi\/wp-json\/wp\/v2\/comments?post=2498"}],"version-history":[{"count":27,"href":"https:\/\/nika.jp\/vi\/wp-json\/wp\/v2\/pages\/2498\/revisions"}],"predecessor-version":[{"id":4175,"href":"https:\/\/nika.jp\/vi\/wp-json\/wp\/v2\/pages\/2498\/revisions\/4175"}],"wp:attachment":[{"href":"https:\/\/nika.jp\/vi\/wp-json\/wp\/v2\/media?parent=2498"}],"curies":[{"name":"wp","href":"https:\/\/api.w.org\/{rel}","templated":true}]}}